{"id":316,"date":"2025-04-17T16:27:07","date_gmt":"2025-04-17T16:27:07","guid":{"rendered":"https:\/\/condescending-villani.107-190-131-154.plesk.page\/?page_id=316"},"modified":"2025-09-25T16:13:37","modified_gmt":"2025-09-25T16:13:37","slug":"sobre-a-df-produtora","status":"publish","type":"page","link":"https:\/\/dfprodutora.com.br\/index.php\/sobre-a-df-produtora\/","title":{"rendered":"Sobre N\u00f3s"},"content":{"rendered":"\t\t<div data-elementor-type=\"wp-page\" data-elementor-id=\"316\" class=\"elementor elementor-316\">\n\t\t\t\t<div class=\"elementor-element elementor-element-b321bce e-flex e-con-boxed e-con e-parent\" data-id=\"b321bce\" data-element_type=\"container\" data-settings=\"{&quot;background_background&quot;:&quot;classic&quot;}\">\n\t\t\t\t\t<div class=\"e-con-inner\">\n\t\t\t\t\t<\/div>\n\t\t\t\t<\/div>\n\t\t<div class=\"elementor-element elementor-element-ff53cf3 e-flex e-con-boxed e-con e-parent\" data-id=\"ff53cf3\" data-element_type=\"container\" id=\"particles-js\" data-settings=\"{&quot;background_background&quot;:&quot;gradient&quot;}\">\n\t\t\t\t\t<div class=\"e-con-inner\">\n\t\t<div class=\"elementor-element elementor-element-7619501 e-con-full e-flex e-con e-child\" data-id=\"7619501\" data-element_type=\"container\">\n\t\t\t\t<\/div>\n\t\t<div class=\"elementor-element elementor-element-973dcc4 e-con-full e-flex e-con e-child\" data-id=\"973dcc4\" data-element_type=\"container\">\n\t\t\t\t<div class=\"elementor-element elementor-element-d69ec1d elementor-widget elementor-widget-heading\" data-id=\"d69ec1d\" data-element_type=\"widget\" data-widget_type=\"heading.default\">\n\t\t\t\t<div class=\"elementor-widget-container\">\n\t\t\t\t\t<h2 class=\"elementor-heading-title elementor-size-default\">Sobre a DF Produtora<\/h2>\t\t\t\t<\/div>\n\t\t\t\t<\/div>\n\t\t\t\t<div class=\"elementor-element elementor-element-48d968d elementor-widget elementor-widget-text-editor\" data-id=\"48d968d\" data-element_type=\"widget\" data-widget_type=\"text-editor.default\">\n\t\t\t\t<div class=\"elementor-widget-container\">\n\t\t\t\t\t\t\t\t\t<p>H\u00e1 8 anos no mercado, a DF Produtora transforma experi\u00eancias reais em narrativas visuais que emocionam, conectam e geram impacto. Somos especialistas em capturar a ess\u00eancia de cada projeto, identificando os momentos que realmente importam e traduzindo-os em conte\u00fados estrat\u00e9gicos, com excel\u00eancia t\u00e9cnica e sensibilidade criativa.<\/p><p>Nossa equipe mergulha na hist\u00f3ria de cada marca para construir uma linguagem \u00fanica de capta\u00e7\u00e3o, edi\u00e7\u00e3o e finaliza\u00e7\u00e3o \u2014 respeitando o DNA do cliente e garantindo resultados que v\u00e3o al\u00e9m da est\u00e9tica. Com processos otimizados, entregamos com agilidade, mantendo altos padr\u00f5es de qualidade: mais de 80% dos nossos v\u00eddeos s\u00e3o aprovados na primeira vers\u00e3o, o que significa menos ajustes, mais velocidade e efici\u00eancia.<\/p><p>Trabalhamos para que cada produ\u00e7\u00e3o reforce o posicionamento da marca, amplie o engajamento nas redes e aumente a percep\u00e7\u00e3o de valor junto ao p\u00fablico e patrocinadores. Adaptamos nossos conte\u00fados aos formatos e linguagens de cada canal, garantindo presen\u00e7a consistente e relevante em m\u00faltiplas plataformas.<\/p><p>Na DF Produtora, cada detalhe importa. E \u00e9 isso que nos move: contar hist\u00f3rias com alma, prop\u00f3sito e profissionalismo, do in\u00edcio ao fim.<\/p>\t\t\t\t\t\t\t\t<\/div>\n\t\t\t\t<\/div>\n\t\t\t\t<\/div>\n\t\t\t\t\t<\/div>\n\t\t\t\t<\/div>\n\t\t<div class=\"elementor-element elementor-element-4829fa6 e-flex e-con-boxed e-con e-parent\" data-id=\"4829fa6\" data-element_type=\"container\" data-settings=\"{&quot;background_background&quot;:&quot;classic&quot;}\">\n\t\t\t\t\t<div class=\"e-con-inner\">\n\t\t\t\t<div class=\"elementor-element elementor-element-aa621bf elementor-widget elementor-widget-text-editor\" data-id=\"aa621bf\" data-element_type=\"widget\" data-widget_type=\"text-editor.default\">\n\t\t\t\t<div class=\"elementor-widget-container\">\n\t\t\t\t\t\t\t\t\t<p class=\"\" data-start=\"285\" data-end=\"514\">Contamos hist\u00f3rias com prop\u00f3sito.<br data-start=\"1464\" data-end=\"1467\" \/>Filmamos com inten\u00e7\u00e3o.<br data-start=\"1489\" data-end=\"1492\" \/>Editamos com verdade.<br data-start=\"1513\" data-end=\"1516\" \/>Vivemos o audiovisual com alma.<\/p>\t\t\t\t\t\t\t\t<\/div>\n\t\t\t\t<\/div>\n\t\t\t\t\t<\/div>\n\t\t\t\t<\/div>\n\t\t<div class=\"elementor-element elementor-element-ea238a3 e-con-full e-flex e-con e-parent\" data-id=\"ea238a3\" data-element_type=\"container\">\n\t\t        <script>\r\n            jQuery( document ).ready( function( $ ) {\r\n                $( '.elementor-element-d55d77e' ).css( 'cursor', 'pointer' ).click( function() {\r\n                    window.location.href = 'https:\/\/dfprodutora.com.br\/index.php\/fashion-films\/';\r\n                } );\r\n            } );\r\n        <\/script>\r\n        <div class=\"elementor-element elementor-element-d55d77e e-con-full e-transform e-flex e-con e-child\" data-id=\"d55d77e\" data-element_type=\"container\" data-settings=\"{&quot;background_background&quot;:&quot;classic&quot;,&quot;_transform_scale_effect_hover&quot;:{&quot;unit&quot;:&quot;px&quot;,&quot;size&quot;:1.1,&quot;sizes&quot;:[]},&quot;_transform_scale_effect_hover_tablet&quot;:{&quot;unit&quot;:&quot;px&quot;,&quot;size&quot;:&quot;&quot;,&quot;sizes&quot;:[]},&quot;_transform_scale_effect_hover_mobile&quot;:{&quot;unit&quot;:&quot;px&quot;,&quot;size&quot;:&quot;&quot;,&quot;sizes&quot;:[]}}\">\n\t\t\t\t<div class=\"elementor-element elementor-element-a62f653 elementor-widget elementor-widget-heading\" data-id=\"a62f653\" data-element_type=\"widget\" data-widget_type=\"heading.default\">\n\t\t\t\t<div class=\"elementor-widget-container\">\n\t\t\t\t\t<h2 class=\"elementor-heading-title elementor-size-default\">Fashion Films<\/h2>\t\t\t\t<\/div>\n\t\t\t\t<\/div>\n\t\t\t\t<\/div>\n\t\t        <script>\r\n            jQuery( document ).ready( function( $ ) {\r\n                $( '.elementor-element-866a2be' ).css( 'cursor', 'pointer' ).click( function() {\r\n                    window.location.href = 'https:\/\/dfprodutora.com.br\/index.php\/institucionais\/';\r\n                } );\r\n            } );\r\n        <\/script>\r\n        <div class=\"elementor-element elementor-element-866a2be e-con-full e-transform e-flex e-con e-child\" data-id=\"866a2be\" data-element_type=\"container\" data-settings=\"{&quot;background_background&quot;:&quot;classic&quot;,&quot;_transform_scale_effect_hover&quot;:{&quot;unit&quot;:&quot;px&quot;,&quot;size&quot;:1.1,&quot;sizes&quot;:[]},&quot;_transform_scale_effect_hover_tablet&quot;:{&quot;unit&quot;:&quot;px&quot;,&quot;size&quot;:&quot;&quot;,&quot;sizes&quot;:[]},&quot;_transform_scale_effect_hover_mobile&quot;:{&quot;unit&quot;:&quot;px&quot;,&quot;size&quot;:&quot;&quot;,&quot;sizes&quot;:[]}}\">\n\t\t\t\t<div class=\"elementor-element elementor-element-67016a8 elementor-widget elementor-widget-heading\" data-id=\"67016a8\" data-element_type=\"widget\" data-widget_type=\"heading.default\">\n\t\t\t\t<div class=\"elementor-widget-container\">\n\t\t\t\t\t<h2 class=\"elementor-heading-title elementor-size-default\">Institucionais<\/h2>\t\t\t\t<\/div>\n\t\t\t\t<\/div>\n\t\t\t\t<\/div>\n\t\t        <script>\r\n            jQuery( document ).ready( function( $ ) {\r\n                $( '.elementor-element-cd37da5' ).css( 'cursor', 'pointer' ).click( function() {\r\n                    window.location.href = 'https:\/\/dfprodutora.com.br\/index.php\/aftermovies\/';\r\n                } );\r\n            } );\r\n        <\/script>\r\n        <div class=\"elementor-element elementor-element-cd37da5 e-con-full e-transform e-flex e-con e-child\" data-id=\"cd37da5\" data-element_type=\"container\" data-settings=\"{&quot;background_background&quot;:&quot;classic&quot;,&quot;_transform_scale_effect_hover&quot;:{&quot;unit&quot;:&quot;px&quot;,&quot;size&quot;:1.1,&quot;sizes&quot;:[]},&quot;_transform_scale_effect_hover_tablet&quot;:{&quot;unit&quot;:&quot;px&quot;,&quot;size&quot;:&quot;&quot;,&quot;sizes&quot;:[]},&quot;_transform_scale_effect_hover_mobile&quot;:{&quot;unit&quot;:&quot;px&quot;,&quot;size&quot;:&quot;&quot;,&quot;sizes&quot;:[]}}\">\n\t\t\t\t<div class=\"elementor-element elementor-element-d3d73ef elementor-widget elementor-widget-heading\" data-id=\"d3d73ef\" data-element_type=\"widget\" data-widget_type=\"heading.default\">\n\t\t\t\t<div class=\"elementor-widget-container\">\n\t\t\t\t\t<h2 class=\"elementor-heading-title elementor-size-default\">Aftermovies<\/h2>\t\t\t\t<\/div>\n\t\t\t\t<\/div>\n\t\t\t\t<\/div>\n\t\t        <script>\r\n            jQuery( document ).ready( function( $ ) {\r\n                $( '.elementor-element-b7a0c75' ).css( 'cursor', 'pointer' ).click( function() {\r\n                    window.location.href = 'https:\/\/dfprodutora.com.br\/index.php\/producoes-musicais\/';\r\n                } );\r\n            } );\r\n        <\/script>\r\n        <div class=\"elementor-element elementor-element-b7a0c75 e-con-full e-transform e-flex e-con e-child\" data-id=\"b7a0c75\" data-element_type=\"container\" data-settings=\"{&quot;background_background&quot;:&quot;classic&quot;,&quot;_transform_scale_effect_hover&quot;:{&quot;unit&quot;:&quot;px&quot;,&quot;size&quot;:1.1,&quot;sizes&quot;:[]},&quot;_transform_scale_effect_hover_tablet&quot;:{&quot;unit&quot;:&quot;px&quot;,&quot;size&quot;:&quot;&quot;,&quot;sizes&quot;:[]},&quot;_transform_scale_effect_hover_mobile&quot;:{&quot;unit&quot;:&quot;px&quot;,&quot;size&quot;:&quot;&quot;,&quot;sizes&quot;:[]}}\">\n\t\t\t\t<div class=\"elementor-element elementor-element-fb63c93 elementor-widget elementor-widget-heading\" data-id=\"fb63c93\" data-element_type=\"widget\" data-widget_type=\"heading.default\">\n\t\t\t\t<div class=\"elementor-widget-container\">\n\t\t\t\t\t<h2 class=\"elementor-heading-title elementor-size-default\">Produ\u00e7\u00f5es Musicais<\/h2>\t\t\t\t<\/div>\n\t\t\t\t<\/div>\n\t\t\t\t<\/div>\n\t\t        <script>\r\n            jQuery( document ).ready( function( $ ) {\r\n                $( '.elementor-element-a04b33d' ).css( 'cursor', 'pointer' ).click( function() {\r\n                    window.location.href = 'https:\/\/dfprodutora.com.br\/index.php\/casamentos\/';\r\n                } );\r\n            } );\r\n        <\/script>\r\n        <div class=\"elementor-element elementor-element-a04b33d e-con-full e-transform e-flex e-con e-child\" data-id=\"a04b33d\" data-element_type=\"container\" data-settings=\"{&quot;background_background&quot;:&quot;classic&quot;,&quot;_transform_scale_effect_hover&quot;:{&quot;unit&quot;:&quot;px&quot;,&quot;size&quot;:1.1,&quot;sizes&quot;:[]},&quot;_transform_scale_effect_hover_tablet&quot;:{&quot;unit&quot;:&quot;px&quot;,&quot;size&quot;:&quot;&quot;,&quot;sizes&quot;:[]},&quot;_transform_scale_effect_hover_mobile&quot;:{&quot;unit&quot;:&quot;px&quot;,&quot;size&quot;:&quot;&quot;,&quot;sizes&quot;:[]}}\">\n\t\t\t\t<div class=\"elementor-element elementor-element-12fa7e9 elementor-widget elementor-widget-heading\" data-id=\"12fa7e9\" data-element_type=\"widget\" data-widget_type=\"heading.default\">\n\t\t\t\t<div class=\"elementor-widget-container\">\n\t\t\t\t\t<h2 class=\"elementor-heading-title elementor-size-default\">Casamentos<\/h2>\t\t\t\t<\/div>\n\t\t\t\t<\/div>\n\t\t\t\t<\/div>\n\t\t\t\t<\/div>\n\t\t<div class=\"elementor-element elementor-element-814c66d e-flex e-con-boxed e-con e-parent\" data-id=\"814c66d\" data-element_type=\"container\">\n\t\t\t\t\t<div class=\"e-con-inner\">\n\t\t\t\t<div class=\"elementor-element elementor-element-9a0e4f3 elementor-arrows-position-inside elementor-pagination-position-outside elementor-widget elementor-widget-image-carousel\" data-id=\"9a0e4f3\" data-element_type=\"widget\" data-settings=\"{&quot;navigation&quot;:&quot;both&quot;,&quot;autoplay&quot;:&quot;yes&quot;,&quot;pause_on_hover&quot;:&quot;yes&quot;,&quot;pause_on_interaction&quot;:&quot;yes&quot;,&quot;autoplay_speed&quot;:5000,&quot;infinite&quot;:&quot;yes&quot;,&quot;speed&quot;:500}\" data-widget_type=\"image-carousel.default\">\n\t\t\t\t<div class=\"elementor-widget-container\">\n\t\t\t\t\t\t\t<div class=\"elementor-image-carousel-wrapper swiper\" role=\"region\" aria-roledescription=\"carousel\" aria-label=\"Carrossel de imagens\" dir=\"ltr\">\n\t\t\t<div class=\"elementor-image-carousel swiper-wrapper\" aria-live=\"off\">\n\t\t\t\t\t\t\t\t<div class=\"swiper-slide\" role=\"group\" aria-roledescription=\"slide\" aria-label=\"1 de 3\"><figure class=\"swiper-slide-inner\"><img decoding=\"async\" class=\"swiper-slide-image\" src=\"https:\/\/dfprodutora.com.br\/wp-content\/uploads\/2025\/04\/logo-df-weddings-vertical-150x150.png\" alt=\"logo-df-weddings-vertical\" \/><\/figure><\/div><div class=\"swiper-slide\" role=\"group\" aria-roledescription=\"slide\" aria-label=\"2 de 3\"><figure class=\"swiper-slide-inner\"><img decoding=\"async\" class=\"swiper-slide-image\" src=\"https:\/\/dfprodutora.com.br\/wp-content\/uploads\/2025\/04\/logo-df-play-vertical-150x150.png\" alt=\"logo-df-play-vertical\" \/><\/figure><\/div><div class=\"swiper-slide\" role=\"group\" aria-roledescription=\"slide\" aria-label=\"3 de 3\"><figure class=\"swiper-slide-inner\"><img decoding=\"async\" class=\"swiper-slide-image\" src=\"https:\/\/dfprodutora.com.br\/wp-content\/uploads\/2025\/04\/vertical-preferencial-150x150.png\" alt=\"vertical-preferencial\" \/><\/figure><\/div>\t\t\t<\/div>\n\t\t\t\t\t\t\t\t\t\t\t\t<div class=\"elementor-swiper-button elementor-swiper-button-prev\" role=\"button\" tabindex=\"0\">\n\t\t\t\t\t\t<svg aria-hidden=\"true\" class=\"e-font-icon-svg e-eicon-chevron-left\" viewBox=\"0 0 1000 1000\" xmlns=\"http:\/\/www.w3.org\/2000\/svg\"><path d=\"M646 125C629 125 613 133 604 142L308 442C296 454 292 471 292 487 292 504 296 521 308 533L604 854C617 867 629 875 646 875 663 875 679 871 692 858 704 846 713 829 713 812 713 796 708 779 692 767L438 487 692 225C700 217 708 204 708 187 708 171 704 154 692 142 675 129 663 125 646 125Z\"><\/path><\/svg>\t\t\t\t\t<\/div>\n\t\t\t\t\t<div class=\"elementor-swiper-button elementor-swiper-button-next\" role=\"button\" tabindex=\"0\">\n\t\t\t\t\t\t<svg aria-hidden=\"true\" class=\"e-font-icon-svg e-eicon-chevron-right\" viewBox=\"0 0 1000 1000\" xmlns=\"http:\/\/www.w3.org\/2000\/svg\"><path d=\"M696 533C708 521 713 504 713 487 713 471 708 454 696 446L400 146C388 133 375 125 354 125 338 125 325 129 313 142 300 154 292 171 292 187 292 204 296 221 308 233L563 492 304 771C292 783 288 800 288 817 288 833 296 850 308 863 321 871 338 875 354 875 371 875 388 867 400 854L696 533Z\"><\/path><\/svg>\t\t\t\t\t<\/div>\n\t\t\t\t\n\t\t\t\t\t\t\t\t\t<div class=\"swiper-pagination\"><\/div>\n\t\t\t\t\t\t\t\t\t<\/div>\n\t\t\t\t\t\t<\/div>\n\t\t\t\t<\/div>\n\t\t\t\t\t<\/div>\n\t\t\t\t<\/div>\n\t\t\t\t<\/div>\n\t\t","protected":false},"excerpt":{"rendered":"<p>Sobre a DF Produtora H\u00e1 8 anos no mercado, a DF Produtora transforma experi\u00eancias reais em narrativas visuais que emocionam, conectam e geram impacto. Somos especialistas em capturar a ess\u00eancia de cada projeto, identificando os momentos que realmente importam e traduzindo-os em conte\u00fados estrat\u00e9gicos, com excel\u00eancia t\u00e9cnica e sensibilidade criativa. Nossa equipe mergulha na hist\u00f3ria&hellip;&nbsp;<a href=\"https:\/\/dfprodutora.com.br\/index.php\/sobre-a-df-produtora\/\" rel=\"bookmark\"><span class=\"screen-reader-text\">Sobre N\u00f3s<\/span><\/a><\/p>\n","protected":false},"author":1,"featured_media":0,"parent":0,"menu_order":0,"comment_status":"closed","ping_status":"closed","template":"elementor_header_footer","meta":{"neve_meta_sidebar":"","neve_meta_container":"","neve_meta_enable_content_width":"","neve_meta_content_width":0,"neve_meta_title_alignment":"","neve_meta_author_avatar":"","neve_post_elements_order":"","neve_meta_disable_header":"","neve_meta_disable_footer":"","neve_meta_disable_title":"","footnotes":""},"class_list":["post-316","page","type-page","status-publish","hentry"],"_links":{"self":[{"href":"https:\/\/dfprodutora.com.br\/index.php\/wp-json\/wp\/v2\/pages\/316","targetHints":{"allow":["GET"]}}],"collection":[{"href":"https:\/\/dfprodutora.com.br\/index.php\/wp-json\/wp\/v2\/pages"}],"about":[{"href":"https:\/\/dfprodutora.com.br\/index.php\/wp-json\/wp\/v2\/types\/page"}],"author":[{"embeddable":true,"href":"https:\/\/dfprodutora.com.br\/index.php\/wp-json\/wp\/v2\/users\/1"}],"replies":[{"embeddable":true,"href":"https:\/\/dfprodutora.com.br\/index.php\/wp-json\/wp\/v2\/comments?post=316"}],"version-history":[{"count":46,"href":"https:\/\/dfprodutora.com.br\/index.php\/wp-json\/wp\/v2\/pages\/316\/revisions"}],"predecessor-version":[{"id":737,"href":"https:\/\/dfprodutora.com.br\/index.php\/wp-json\/wp\/v2\/pages\/316\/revisions\/737"}],"wp:attachment":[{"href":"https:\/\/dfprodutora.com.br\/index.php\/wp-json\/wp\/v2\/media?parent=316"}],"curies":[{"name":"wp","href":"https:\/\/api.w.org\/{rel}","templated":true}]}}